{"id":51,"date":"2020-12-05T20:12:45","date_gmt":"2020-12-05T20:12:45","guid":{"rendered":"http:\/\/www.rodriguezhiguera.com\/?page_id=51"},"modified":"2020-12-05T20:12:45","modified_gmt":"2020-12-05T20:12:45","slug":"la-firma","status":"publish","type":"page","link":"http:\/\/www.rodriguezhiguera.com\/prueba.php\/la-firma\/","title":{"rendered":"La Firma"},"content":{"rendered":"\n<div class=\"wp-block-cover has-background-dim\" style=\"background-image:url(http:\/\/www.rodriguezhiguera.com\/wp-content\/uploads\/2020\/12\/115016697871.png)\"><div class=\"wp-block-cover__inner-container\">\n<p class=\"has-text-align-center has-large-font-size\"><\/p>\n<\/div><\/div>\n\n\n\n<p>F. Rodriguez &amp; Higuera fue fundada en 1975 y dispone en la actualidad  de oficinas en Las Palmas de Gran Canaria y en Playa del Ingl\u00e9s (San Bartolom\u00e9 de tirajana).<\/p>\n\n\n\n<p>La experiencia acumulada durante tanto tiempo no s\u00f3lo ha propiciado la adquisici\u00f3n y perfeccionamiento de profundos y amplios conocimientos te\u00f3ricos y pr\u00e1cticos, sino asimismo una interlocuci\u00f3n privilegiada ante los principales protagonistas econ\u00f3micos y sociales, incluyendo las Administraciones P\u00fablicas de referencia.<\/p>\n","protected":false},"excerpt":{"rendered":"<p>F. Rodriguez &amp; Higuera fue fundada en 1975 y dispone en la actualidad de oficinas en Las Palmas de Gran Canaria y en Playa del Ingl\u00e9s (San Bartolom\u00e9 de tirajana). La experiencia acumulada durante tanto tiempo no s\u00f3lo ha propiciado la adquisici\u00f3n y perfeccionamiento de profundos y amplios conocimientos te\u00f3ricos y pr\u00e1cticos, sino asimismo una [&hellip;]<\/p>\n","protected":false},"author":1,"featured_media":0,"parent":0,"menu_order":0,"comment_status":"closed","ping_status":"closed","template":"","meta":[],"_links":{"self":[{"href":"http:\/\/www.rodriguezhiguera.com\/prueba.php\/wp-json\/wp\/v2\/pages\/51"}],"collection":[{"href":"http:\/\/www.rodriguezhiguera.com\/prueba.php\/wp-json\/wp\/v2\/pages"}],"about":[{"href":"http:\/\/www.rodriguezhiguera.com\/prueba.php\/wp-json\/wp\/v2\/types\/page"}],"author":[{"embeddable":true,"href":"http:\/\/www.rodriguezhiguera.com\/prueba.php\/wp-json\/wp\/v2\/users\/1"}],"replies":[{"embeddable":true,"href":"http:\/\/www.rodriguezhiguera.com\/prueba.php\/wp-json\/wp\/v2\/comments?post=51"}],"version-history":[{"count":1,"href":"http:\/\/www.rodriguezhiguera.com\/prueba.php\/wp-json\/wp\/v2\/pages\/51\/revisions"}],"predecessor-version":[{"id":52,"href":"http:\/\/www.rodriguezhiguera.com\/prueba.php\/wp-json\/wp\/v2\/pages\/51\/revisions\/52"}],"wp:attachment":[{"href":"http:\/\/www.rodriguezhiguera.com\/prueba.php\/wp-json\/wp\/v2\/media?parent=51"}],"curies":[{"name":"wp","href":"https:\/\/api.w.org\/{rel}","templated":true}]}}